{"id":28,"date":"2024-02-26T17:33:31","date_gmt":"2024-02-26T16:33:31","guid":{"rendered":"https:\/\/vojtechpolasek.cz\/?page_id=28"},"modified":"2024-03-22T16:26:26","modified_gmt":"2024-03-22T15:26:26","slug":"vyroba-a-opravy-hudebnich-nastroju","status":"publish","type":"page","link":"https:\/\/vojtechpolasek.cz\/?page_id=28","title":{"rendered":"V\u00fdroba a opravy hudebn\u00edch n\u00e1stroj\u016f"},"content":{"rendered":"\n<p>Stavbu hudebn\u00edch n\u00e1stroj\u016f m\u00e1m v\u00edcem\u00e9n\u011b jako z\u00e1libu a n\u00e1stroje jsem si stav\u011bl hlavn\u011b pro sebe. Stav\u00edm hlavn\u011b kytary. Ale pokud by n\u011bkdo m\u011bl z\u00e1jem, je mo\u017en\u00e9 postavit n\u00e1stroj na zak\u00e1zku dle va\u0161ich po\u017eadavk\u016f. D\u00e1le se zab\u00fdv\u00e1m opravou kytar, housl\u00ed a dal\u0161\u00edch n\u00e1stroj\u016f.<\/p>\n\n\n\n<p>Kytara 2024<\/p>\n\n\n\n<figure class=\"wp-block-gallery has-nested-images columns-default is-cropped wp-block-gallery-1 is-layout-flex wp-block-gallery-is-layout-flex\">\n<figure class=\"wp-block-image size-large\"><img loading=\"lazy\" decoding=\"async\" width=\"681\" height=\"1024\" data-id=\"36\" src=\"https:\/\/vojtechpolasek.cz\/wp-content\/uploads\/2024\/03\/DSC9058-681x1024.jpg\" alt=\"\" class=\"wp-image-36\" srcset=\"https:\/\/vojtechpolasek.cz\/wp-content\/uploads\/2024\/03\/DSC9058-681x1024.jpg 681w, https:\/\/vojtechpolasek.cz\/wp-content\/uploads\/2024\/03\/DSC9058-200x300.jpg 200w, https:\/\/vojtechpolasek.cz\/wp-content\/uploads\/2024\/03\/DSC9058-768x1154.jpg 768w, https:\/\/vojtechpolasek.cz\/wp-content\/uploads\/2024\/03\/DSC9058-1022x1536.jpg 1022w, https:\/\/vojtechpolasek.cz\/wp-content\/uploads\/2024\/03\/DSC9058-1362x2048.jpg 1362w, https:\/\/vojtechpolasek.cz\/wp-content\/uploads\/2024\/03\/DSC9058-scaled.jpg 1703w\" sizes=\"auto, (max-width: 681px) 100vw, 681px\" \/><\/figure>\n\n\n\n<figure class=\"wp-block-image size-large\"><img decoding=\"async\" data-id=\"44\" src=\"https:\/\/vojtechpolasek.cz\/wp-content\/uploads\/2024\/03\/DSC9125.jpg\" alt=\"\" class=\"wp-image-44\"\/><\/figure>\n\n\n\n<figure class=\"wp-block-image size-large\"><img decoding=\"async\" data-id=\"45\" src=\"https:\/\/vojtechpolasek.cz\/wp-content\/uploads\/2024\/03\/DSC9129.jpg\" alt=\"\" class=\"wp-image-45\"\/><\/figure>\n\n\n\n<figure class=\"wp-block-image size-large\"><img loading=\"lazy\" decoding=\"async\" width=\"1703\" height=\"2560\" data-id=\"37\" src=\"https:\/\/vojtechpolasek.cz\/wp-content\/uploads\/2024\/03\/DSC9083-scaled.jpg\" alt=\"\" class=\"wp-image-37\"\/><\/figure>\n\n\n\n<figure class=\"wp-block-image size-large\"><img loading=\"lazy\" decoding=\"async\" width=\"1024\" height=\"681\" data-id=\"38\" src=\"https:\/\/vojtechpolasek.cz\/wp-content\/uploads\/2024\/03\/DSC9097-1024x681.jpg\" alt=\"\" class=\"wp-image-38\" srcset=\"https:\/\/vojtechpolasek.cz\/wp-content\/uploads\/2024\/03\/DSC9097-1024x681.jpg 1024w, https:\/\/vojtechpolasek.cz\/wp-content\/uploads\/2024\/03\/DSC9097-300x200.jpg 300w, https:\/\/vojtechpolasek.cz\/wp-content\/uploads\/2024\/03\/DSC9097-768x511.jpg 768w, https:\/\/vojtechpolasek.cz\/wp-content\/uploads\/2024\/03\/DSC9097-1536x1022.jpg 1536w, https:\/\/vojtechpolasek.cz\/wp-content\/uploads\/2024\/03\/DSC9097-2048x1363.jpg 2048w, https:\/\/vojtechpolasek.cz\/wp-content\/uploads\/2024\/03\/DSC9097-600x400.jpg 600w\" sizes=\"auto, (max-width: 1024px) 100vw, 1024px\" \/><\/figure>\n\n\n\n<figure class=\"wp-block-image size-large\"><img decoding=\"async\" data-id=\"39\" src=\"https:\/\/vojtechpolasek.cz\/wp-content\/uploads\/2024\/03\/DSC9077.jpg\" alt=\"\" class=\"wp-image-39\"\/><\/figure>\n\n\n\n<figure class=\"wp-block-image size-large\"><img loading=\"lazy\" decoding=\"async\" width=\"1024\" height=\"681\" data-id=\"41\" src=\"https:\/\/vojtechpolasek.cz\/wp-content\/uploads\/2024\/03\/DSC9105-1024x681.jpg\" alt=\"\" class=\"wp-image-41\" srcset=\"https:\/\/vojtechpolasek.cz\/wp-content\/uploads\/2024\/03\/DSC9105-1024x681.jpg 1024w, https:\/\/vojtechpolasek.cz\/wp-content\/uploads\/2024\/03\/DSC9105-300x200.jpg 300w, https:\/\/vojtechpolasek.cz\/wp-content\/uploads\/2024\/03\/DSC9105-768x511.jpg 768w, https:\/\/vojtechpolasek.cz\/wp-content\/uploads\/2024\/03\/DSC9105-1536x1022.jpg 1536w\" sizes=\"auto, (max-width: 1024px) 100vw, 1024px\" \/><\/figure>\n\n\n\n<figure class=\"wp-block-image size-large\"><img loading=\"lazy\" decoding=\"async\" width=\"681\" height=\"1024\" data-id=\"43\" src=\"https:\/\/vojtechpolasek.cz\/wp-content\/uploads\/2024\/03\/DSC9107-681x1024.jpg\" alt=\"\" class=\"wp-image-43\" srcset=\"https:\/\/vojtechpolasek.cz\/wp-content\/uploads\/2024\/03\/DSC9107-681x1024.jpg 681w, https:\/\/vojtechpolasek.cz\/wp-content\/uploads\/2024\/03\/DSC9107-200x300.jpg 200w, https:\/\/vojtechpolasek.cz\/wp-content\/uploads\/2024\/03\/DSC9107-768x1154.jpg 768w, https:\/\/vojtechpolasek.cz\/wp-content\/uploads\/2024\/03\/DSC9107-1022x1536.jpg 1022w, https:\/\/vojtechpolasek.cz\/wp-content\/uploads\/2024\/03\/DSC9107-scaled.jpg 1703w\" sizes=\"auto, (max-width: 681px) 100vw, 681px\" \/><\/figure>\n\n\n\n<figure class=\"wp-block-image size-large\"><img decoding=\"async\" data-id=\"40\" src=\"https:\/\/vojtechpolasek.cz\/wp-content\/uploads\/2024\/03\/DSC9088.jpg\" alt=\"\" class=\"wp-image-40\"\/><\/figure>\n<\/figure>\n\n\n\n<p>P\u0159edn\u00ed deska &#8211; smrk masiv, zadn\u00ed deska a luby palisandr masiv, krk mahagon, hmatn\u00edk garapa<\/p>\n\n\n\n<figure class=\"wp-block-gallery has-nested-images columns-default is-cropped wp-block-gallery-2 is-layout-flex wp-block-gallery-is-layout-flex\"><\/figure>\n","protected":false},"excerpt":{"rendered":"<p>Stavbu hudebn\u00edch n\u00e1stroj\u016f m\u00e1m v\u00edcem\u00e9n\u011b jako z\u00e1libu a n\u00e1stroje jsem si stav\u011bl hlavn\u011b pro sebe. Stav\u00edm hlavn\u011b kytary. Ale pokud by n\u011bkdo m\u011bl z\u00e1jem, je mo\u017en\u00e9 postavit n\u00e1stroj na zak\u00e1zku dle va\u0161ich po\u017eadavk\u016f. D\u00e1le se zab\u00fdv\u00e1m opravou kytar, housl\u00ed a dal\u0161\u00edch n\u00e1stroj\u016f. Kytara 2024 P\u0159edn\u00ed deska &#8211; smrk masiv, zadn\u00ed deska a luby palisandr masiv, [&hellip;]<\/p>\n","protected":false},"author":1,"featured_media":0,"parent":0,"menu_order":0,"comment_status":"closed","ping_status":"closed","template":"","meta":{"footnotes":""},"class_list":["post-28","page","type-page","status-publish","hentry"],"_links":{"self":[{"href":"https:\/\/vojtechpolasek.cz\/index.php?rest_route=\/wp\/v2\/pages\/28","targetHints":{"allow":["GET"]}}],"collection":[{"href":"https:\/\/vojtechpolasek.cz\/index.php?rest_route=\/wp\/v2\/pages"}],"about":[{"href":"https:\/\/vojtechpolasek.cz\/index.php?rest_route=\/wp\/v2\/types\/page"}],"author":[{"embeddable":true,"href":"https:\/\/vojtechpolasek.cz\/index.php?rest_route=\/wp\/v2\/users\/1"}],"replies":[{"embeddable":true,"href":"https:\/\/vojtechpolasek.cz\/index.php?rest_route=%2Fwp%2Fv2%2Fcomments&post=28"}],"version-history":[{"count":4,"href":"https:\/\/vojtechpolasek.cz\/index.php?rest_route=\/wp\/v2\/pages\/28\/revisions"}],"predecessor-version":[{"id":47,"href":"https:\/\/vojtechpolasek.cz\/index.php?rest_route=\/wp\/v2\/pages\/28\/revisions\/47"}],"wp:attachment":[{"href":"https:\/\/vojtechpolasek.cz\/index.php?rest_route=%2Fwp%2Fv2%2Fmedia&parent=28"}],"curies":[{"name":"wp","href":"https:\/\/api.w.org\/{rel}","templated":true}]}}