{"id":23,"date":"2024-02-26T17:22:35","date_gmt":"2024-02-26T16:22:35","guid":{"rendered":"https:\/\/vojtechpolasek.cz\/?page_id=23"},"modified":"2024-03-22T16:50:21","modified_gmt":"2024-03-22T15:50:21","slug":"diskografie","status":"publish","type":"page","link":"https:\/\/vojtechpolasek.cz\/?page_id=23","title":{"rendered":"Diskografie"},"content":{"rendered":"\n<figure class=\"wp-block-image size-large is-resized\"><img loading=\"lazy\" decoding=\"async\" width=\"1024\" height=\"1024\" src=\"https:\/\/vojtechpolasek.cz\/wp-content\/uploads\/2024\/02\/obal_album-1024x1024.jpg\" alt=\"\" class=\"wp-image-24\" style=\"width:239px;height:auto\" srcset=\"https:\/\/vojtechpolasek.cz\/wp-content\/uploads\/2024\/02\/obal_album-1024x1024.jpg 1024w, https:\/\/vojtechpolasek.cz\/wp-content\/uploads\/2024\/02\/obal_album-300x300.jpg 300w, https:\/\/vojtechpolasek.cz\/wp-content\/uploads\/2024\/02\/obal_album-150x150.jpg 150w, https:\/\/vojtechpolasek.cz\/wp-content\/uploads\/2024\/02\/obal_album-768x768.jpg 768w, https:\/\/vojtechpolasek.cz\/wp-content\/uploads\/2024\/02\/obal_album-1536x1536.jpg 1536w, https:\/\/vojtechpolasek.cz\/wp-content\/uploads\/2024\/02\/obal_album.jpg 1660w\" sizes=\"auto, (max-width: 1024px) 100vw, 1024px\" \/><\/figure>\n\n\n\n<p><strong>Ze \u017divota<\/strong> 2023 <a href=\"https:\/\/open.spotify.com\/album\/2RhhCs2INNOsZaaZrb5J9l?si=02W7aT3QTECDKAop_Hfeiw\" data-type=\"link\" data-id=\"https:\/\/open.spotify.com\/album\/2RhhCs2INNOsZaaZrb5J9l?si=02W7aT3QTECDKAop_Hfeiw\" target=\"_blank\" rel=\"noreferrer noopener\">Spotify<\/a> <a href=\"https:\/\/youtube.com\/playlist?list=OLAK5uy_k_4mhhsU80GM34dorQHLWU2mK0VCBN-b4&amp;si=2XdnMouJMfhxm703\" data-type=\"link\" data-id=\"https:\/\/youtube.com\/playlist?list=OLAK5uy_k_4mhhsU80GM34dorQHLWU2mK0VCBN-b4&amp;si=2XdnMouJMfhxm703\" target=\"_blank\" rel=\"noreferrer noopener\">YouTube<\/a> <a href=\"https:\/\/vojtechpolasek.cz\/wp-content\/uploads\/2024\/03\/Vojtech-Polasek-Ze-zivota.zip\" data-type=\"attachment\" data-id=\"56\">St\u00e1hnout<\/a><\/p>\n\n\n\n<p><\/p>\n\n\n\n<figure class=\"wp-block-image size-large is-resized\"><img loading=\"lazy\" decoding=\"async\" width=\"1024\" height=\"1024\" src=\"https:\/\/vojtechpolasek.cz\/wp-content\/uploads\/2024\/02\/obal-1024x1024.jpg\" alt=\"Vojt\u011bch Pol\u00e1\u0161ek - P\u0159\u00edb\u011bhy 2020\" class=\"wp-image-25\" style=\"width:240px;height:auto\" srcset=\"https:\/\/vojtechpolasek.cz\/wp-content\/uploads\/2024\/02\/obal-1024x1024.jpg 1024w, https:\/\/vojtechpolasek.cz\/wp-content\/uploads\/2024\/02\/obal-300x300.jpg 300w, https:\/\/vojtechpolasek.cz\/wp-content\/uploads\/2024\/02\/obal-150x150.jpg 150w, https:\/\/vojtechpolasek.cz\/wp-content\/uploads\/2024\/02\/obal-768x768.jpg 768w, https:\/\/vojtechpolasek.cz\/wp-content\/uploads\/2024\/02\/obal.jpg 1200w\" sizes=\"auto, (max-width: 1024px) 100vw, 1024px\" \/><\/figure>\n\n\n\n<p><strong>P\u0159\u00edb\u011bhy<\/strong> 2020 <a href=\"https:\/\/open.spotify.com\/album\/6NJe1bgGdEMSUh9L4HnVvt?si=ZXE4MmS_RjuxqepSkQDLLg\" data-type=\"link\" data-id=\"https:\/\/open.spotify.com\/album\/6NJe1bgGdEMSUh9L4HnVvt?si=ZXE4MmS_RjuxqepSkQDLLg\" target=\"_blank\" rel=\"noreferrer noopener\">Spotify<\/a> <a href=\"https:\/\/youtube.com\/playlist?list=OLAK5uy_mETHISfru2rQXscfR5Dt4AaD7z-tOqJt0&amp;si=ZXcAFJxus9l3QRhx\" data-type=\"link\" data-id=\"https:\/\/youtube.com\/playlist?list=OLAK5uy_mETHISfru2rQXscfR5Dt4AaD7z-tOqJt0&amp;si=ZXcAFJxus9l3QRhx\" target=\"_blank\" rel=\"noreferrer noopener\">YouTube<\/a> <a href=\"https:\/\/vojtechpolasek.cz\/wp-content\/uploads\/2024\/03\/Vojtech-Polasek-Pribehy.zip\" data-type=\"attachment\" data-id=\"59\">St\u00e1hnout<\/a><\/p>\n\n\n\n<p><\/p>\n\n\n\n<figure class=\"wp-block-image size-full is-resized\"><img loading=\"lazy\" decoding=\"async\" width=\"456\" height=\"456\" src=\"https:\/\/vojtechpolasek.cz\/wp-content\/uploads\/2024\/03\/Pisne-o-lidech-a-prirode.jpg\" alt=\"\" class=\"wp-image-49\" style=\"width:238px;height:auto\" srcset=\"https:\/\/vojtechpolasek.cz\/wp-content\/uploads\/2024\/03\/Pisne-o-lidech-a-prirode.jpg 456w, https:\/\/vojtechpolasek.cz\/wp-content\/uploads\/2024\/03\/Pisne-o-lidech-a-prirode-300x300.jpg 300w, https:\/\/vojtechpolasek.cz\/wp-content\/uploads\/2024\/03\/Pisne-o-lidech-a-prirode-150x150.jpg 150w\" sizes=\"auto, (max-width: 456px) 100vw, 456px\" \/><\/figure>\n\n\n\n<p><strong>P\u00edsn\u011b o Lidech a jejich Vlivu na P\u0159\u00edrodu<\/strong> 2017 <a href=\"https:\/\/open.spotify.com\/album\/7tqjDjeBRvjILO5Hv7N6lT?si=Q4jDjmr8StORL16A5bSkeg\" data-type=\"link\" data-id=\"https:\/\/open.spotify.com\/album\/7tqjDjeBRvjILO5Hv7N6lT?si=Q4jDjmr8StORL16A5bSkeg\">Spotify<\/a> <a href=\"https:\/\/youtu.be\/TdGiUrETdSU?si=xKfwVCOnuMIRgp5u\" data-type=\"link\" data-id=\"https:\/\/youtu.be\/TdGiUrETdSU?si=xKfwVCOnuMIRgp5u\">YouTube<\/a> <a href=\"https:\/\/vojtechpolasek.cz\/wp-content\/uploads\/2024\/03\/Pisne-o-lidech-a-prirode.zip\" data-type=\"attachment\" data-id=\"60\">St\u00e1hnout<\/a><\/p>\n\n\n\n<p><\/p>\n\n\n\n<figure class=\"wp-block-image size-full is-resized\"><img loading=\"lazy\" decoding=\"async\" width=\"458\" height=\"454\" src=\"https:\/\/vojtechpolasek.cz\/wp-content\/uploads\/2024\/03\/na_vandru_1.jpg\" alt=\"\" class=\"wp-image-50\" style=\"width:234px;height:auto\" srcset=\"https:\/\/vojtechpolasek.cz\/wp-content\/uploads\/2024\/03\/na_vandru_1.jpg 458w, https:\/\/vojtechpolasek.cz\/wp-content\/uploads\/2024\/03\/na_vandru_1-300x297.jpg 300w, https:\/\/vojtechpolasek.cz\/wp-content\/uploads\/2024\/03\/na_vandru_1-150x150.jpg 150w\" sizes=\"auto, (max-width: 458px) 100vw, 458px\" \/><\/figure>\n\n\n\n<p><strong>Na Vandru<\/strong> 2015 <a href=\"https:\/\/open.spotify.com\/album\/50rEGtKrCidqQ8DNhWOJWY?si=XcEnxE0PThmVqhxnSXiNKQ\">Spotify<\/a> <a href=\"https:\/\/www.youtube.com\/watch?v=tbZrO4-VqEg&amp;list=OLAK5uy_nszsvXfokJ4QPJnCYd41h1SYkKBTI56U8\">YouTube<\/a> <a href=\"https:\/\/vojtechpolasek.cz\/wp-content\/uploads\/2024\/03\/Na-vandru.zip\" data-type=\"attachment\" data-id=\"61\">St\u00e1hnout<\/a><\/p>\n\n\n\n<p><\/p>\n\n\n\n<figure class=\"wp-block-image size-full is-resized\"><img loading=\"lazy\" decoding=\"async\" width=\"456\" height=\"456\" src=\"https:\/\/vojtechpolasek.cz\/wp-content\/uploads\/2024\/03\/TAK.jpg\" alt=\"\" class=\"wp-image-51\" style=\"width:230px;height:auto\" srcset=\"https:\/\/vojtechpolasek.cz\/wp-content\/uploads\/2024\/03\/TAK.jpg 456w, https:\/\/vojtechpolasek.cz\/wp-content\/uploads\/2024\/03\/TAK-300x300.jpg 300w, https:\/\/vojtechpolasek.cz\/wp-content\/uploads\/2024\/03\/TAK-150x150.jpg 150w\" sizes=\"auto, (max-width: 456px) 100vw, 456px\" \/><\/figure>\n\n\n\n<p><strong>T.A.K.<\/strong> 2009 <a href=\"https:\/\/open.spotify.com\/album\/6jaguCErK9Jszrhlxrwqka?si=mO4xdHFIRJCDZcdzAp1yiw\">Spotify<\/a> <a href=\"https:\/\/www.youtube.com\/watch?v=dA9LiqTlrRg&amp;list=OLAK5uy_m18asCq_S616D0GiYuW7GXBc3ETEv1J5w\">YouTube<\/a> <a href=\"https:\/\/vojtechpolasek.cz\/wp-content\/uploads\/2024\/03\/T.A.K.zip\" data-type=\"attachment\" data-id=\"62\">St\u00e1hnout<\/a><\/p>\n\n\n\n<p><\/p>\n\n\n\n<figure class=\"wp-block-image size-full is-resized\"><img loading=\"lazy\" decoding=\"async\" width=\"456\" height=\"456\" src=\"https:\/\/vojtechpolasek.cz\/wp-content\/uploads\/2024\/03\/Modra-planeta.jpg\" alt=\"\" class=\"wp-image-53\" style=\"width:227px;height:auto\" srcset=\"https:\/\/vojtechpolasek.cz\/wp-content\/uploads\/2024\/03\/Modra-planeta.jpg 456w, https:\/\/vojtechpolasek.cz\/wp-content\/uploads\/2024\/03\/Modra-planeta-300x300.jpg 300w, https:\/\/vojtechpolasek.cz\/wp-content\/uploads\/2024\/03\/Modra-planeta-150x150.jpg 150w\" sizes=\"auto, (max-width: 456px) 100vw, 456px\" \/><\/figure>\n\n\n\n<p><strong>Modr\u00e1 Planeta<\/strong> 2007 <a href=\"https:\/\/open.spotify.com\/album\/2nKHqq6hOakpnPYo4MrbHT?si=0Fi4ww6iT22uVqZojD3C3A\">Spotify<\/a> <a href=\"https:\/\/www.youtube.com\/watch?v=hWqeJ9R6RQ4&amp;list=OLAK5uy_mpaJhUXNvkwSPoS2JESlmb3ZtS5-LwDi0\">YouTube<\/a> <a href=\"https:\/\/vojtechpolasek.cz\/wp-content\/uploads\/2024\/03\/Modra-Planeta.zip\" data-type=\"attachment\" data-id=\"63\">St\u00e1hnout<\/a><\/p>\n\n\n\n<p><\/p>\n\n\n\n<figure class=\"wp-block-image size-large is-resized\"><img loading=\"lazy\" decoding=\"async\" width=\"1024\" height=\"1024\" src=\"https:\/\/vojtechpolasek.cz\/wp-content\/uploads\/2024\/03\/Album-1024x1024.jpg\" alt=\"\" class=\"wp-image-54\" style=\"width:225px;height:auto\" srcset=\"https:\/\/vojtechpolasek.cz\/wp-content\/uploads\/2024\/03\/Album-1024x1024.jpg 1024w, https:\/\/vojtechpolasek.cz\/wp-content\/uploads\/2024\/03\/Album-300x300.jpg 300w, https:\/\/vojtechpolasek.cz\/wp-content\/uploads\/2024\/03\/Album-150x150.jpg 150w, https:\/\/vojtechpolasek.cz\/wp-content\/uploads\/2024\/03\/Album-768x768.jpg 768w, https:\/\/vojtechpolasek.cz\/wp-content\/uploads\/2024\/03\/Album.jpg 1280w\" sizes=\"auto, (max-width: 1024px) 100vw, 1024px\" \/><\/figure>\n\n\n\n<p><strong>First Attempts<\/strong> 2004 <a href=\"https:\/\/open.spotify.com\/album\/4RcoF4SzP02tHH2cw6Hhpi?si=C9Wm8RvfRvS5cy6_VX3xTg\">Spotify<\/a> <a href=\"https:\/\/www.youtube.com\/watch?v=duJZEa_K6Uo&amp;list=OLAK5uy_nzzgdXubDG6ufKF9AaQEK8lWxpbmkM10M\">YouTube<\/a> <a href=\"https:\/\/vojtechpolasek.cz\/wp-content\/uploads\/2024\/03\/First-Attempts.zip\" data-type=\"attachment\" data-id=\"64\">St\u00e1hnout<\/a><\/p>\n","protected":false},"excerpt":{"rendered":"<p>Ze \u017divota 2023 Spotify YouTube St\u00e1hnout P\u0159\u00edb\u011bhy 2020 Spotify YouTube St\u00e1hnout P\u00edsn\u011b o Lidech a jejich Vlivu na P\u0159\u00edrodu 2017 Spotify YouTube St\u00e1hnout Na Vandru 2015 Spotify YouTube St\u00e1hnout T.A.K. 2009 Spotify YouTube St\u00e1hnout Modr\u00e1 Planeta 2007 Spotify YouTube St\u00e1hnout First Attempts 2004 Spotify YouTube St\u00e1hnout<\/p>\n","protected":false},"author":1,"featured_media":0,"parent":0,"menu_order":0,"comment_status":"closed","ping_status":"closed","template":"","meta":{"footnotes":""},"class_list":["post-23","page","type-page","status-publish","hentry"],"_links":{"self":[{"href":"https:\/\/vojtechpolasek.cz\/index.php?rest_route=\/wp\/v2\/pages\/23","targetHints":{"allow":["GET"]}}],"collection":[{"href":"https:\/\/vojtechpolasek.cz\/index.php?rest_route=\/wp\/v2\/pages"}],"about":[{"href":"https:\/\/vojtechpolasek.cz\/index.php?rest_route=\/wp\/v2\/types\/page"}],"author":[{"embeddable":true,"href":"https:\/\/vojtechpolasek.cz\/index.php?rest_route=\/wp\/v2\/users\/1"}],"replies":[{"embeddable":true,"href":"https:\/\/vojtechpolasek.cz\/index.php?rest_route=%2Fwp%2Fv2%2Fcomments&post=23"}],"version-history":[{"count":5,"href":"https:\/\/vojtechpolasek.cz\/index.php?rest_route=\/wp\/v2\/pages\/23\/revisions"}],"predecessor-version":[{"id":66,"href":"https:\/\/vojtechpolasek.cz\/index.php?rest_route=\/wp\/v2\/pages\/23\/revisions\/66"}],"wp:attachment":[{"href":"https:\/\/vojtechpolasek.cz\/index.php?rest_route=%2Fwp%2Fv2%2Fmedia&parent=23"}],"curies":[{"name":"wp","href":"https:\/\/api.w.org\/{rel}","templated":true}]}}