{"id":17,"date":"2024-02-26T16:56:03","date_gmt":"2024-02-26T15:56:03","guid":{"rendered":"https:\/\/vojtechpolasek.cz\/?page_id=17"},"modified":"2024-03-22T23:52:29","modified_gmt":"2024-03-22T22:52:29","slug":"uvod","status":"publish","type":"page","link":"https:\/\/vojtechpolasek.cz\/","title":{"rendered":"\u00davod"},"content":{"rendered":"\n<p>Ahoj,<\/p>\n\n\n\n<p>v\u00edtejte na str\u00e1nk\u00e1ch muzikanta a v\u00fdrobce hudebn\u00edch n\u00e1stroj\u016f z Lys\u00e9 nad Labem.<\/p>\n\n\n\n<p>Poslechnout si m\u00e1 hudebn\u00ed alba m\u016f\u017eete <a href=\"https:\/\/vojtechpolasek.cz\/?page_id=23\" data-type=\"page\" data-id=\"23\">ZDE<\/a>.<\/p>\n\n\n\n<p>D\u00e1le se zab\u00fdv\u00e1m stavbou a opravov\u00e1n\u00edm hudebn\u00edch n\u00e1stroj\u016f, p\u0159edev\u0161\u00edm kytar. Uk\u00e1zky <a href=\"https:\/\/vojtechpolasek.cz\/?page_id=28\" data-type=\"page\" data-id=\"28\">ZDE<\/a><\/p>\n","protected":false},"excerpt":{"rendered":"<p>Ahoj, v\u00edtejte na str\u00e1nk\u00e1ch muzikanta a v\u00fdrobce hudebn\u00edch n\u00e1stroj\u016f z Lys\u00e9 nad Labem. Poslechnout si m\u00e1 hudebn\u00ed alba m\u016f\u017eete ZDE. D\u00e1le se zab\u00fdv\u00e1m stavbou a opravov\u00e1n\u00edm hudebn\u00edch n\u00e1stroj\u016f, p\u0159edev\u0161\u00edm kytar. Uk\u00e1zky ZDE<\/p>\n","protected":false},"author":1,"featured_media":0,"parent":0,"menu_order":0,"comment_status":"closed","ping_status":"closed","template":"","meta":{"footnotes":""},"class_list":["post-17","page","type-page","status-publish","hentry"],"_links":{"self":[{"href":"https:\/\/vojtechpolasek.cz\/index.php?rest_route=\/wp\/v2\/pages\/17","targetHints":{"allow":["GET"]}}],"collection":[{"href":"https:\/\/vojtechpolasek.cz\/index.php?rest_route=\/wp\/v2\/pages"}],"about":[{"href":"https:\/\/vojtechpolasek.cz\/index.php?rest_route=\/wp\/v2\/types\/page"}],"author":[{"embeddable":true,"href":"https:\/\/vojtechpolasek.cz\/index.php?rest_route=\/wp\/v2\/users\/1"}],"replies":[{"embeddable":true,"href":"https:\/\/vojtechpolasek.cz\/index.php?rest_route=%2Fwp%2Fv2%2Fcomments&post=17"}],"version-history":[{"count":3,"href":"https:\/\/vojtechpolasek.cz\/index.php?rest_route=\/wp\/v2\/pages\/17\/revisions"}],"predecessor-version":[{"id":73,"href":"https:\/\/vojtechpolasek.cz\/index.php?rest_route=\/wp\/v2\/pages\/17\/revisions\/73"}],"wp:attachment":[{"href":"https:\/\/vojtechpolasek.cz\/index.php?rest_route=%2Fwp%2Fv2%2Fmedia&parent=17"}],"curies":[{"name":"wp","href":"https:\/\/api.w.org\/{rel}","templated":true}]}}